{"id":1796,"date":"2024-02-20T01:12:08","date_gmt":"2024-02-20T00:12:08","guid":{"rendered":"https:\/\/hotel-degoudenhaan.be\/tourismus\/"},"modified":"2025-06-02T13:21:14","modified_gmt":"2025-06-02T11:21:14","slug":"de-haan-und-umgebung","status":"publish","type":"page","link":"https:\/\/hotel-degoudenhaan.be\/de\/de-haan-und-umgebung\/","title":{"rendered":"De Haan und Umgebung"},"content":{"rendered":"\n\n\t\t\t\tFood &amp; Drinks\n\t\t\t\tLinks De Haan\n\t\t\t\tWandern und Radfahren\n\t\t\t\tUmgebung\n\t\t\t\t\t\t\tFood &amp; Drinks\n\t\t\t\t\t\t\tLinks De Haan\n\t<p>Eine Auswahl von interessanten Links. Klicken Sie auf dem Titel um nach den zugeh\u00f6rigen Website zu gehen. <\/p>\n\t<a href=\"https:\/\/www.visitdehaan.be\/\" target=\"_blank\" rel=\"noopener\" aria-label=\"Gehe zu https:\/\/www.visitdehaan.be\/\"><\/a>\n\t\t\t<h3>Gemeinde De Haan<\/h3>\t\t\t\n\t\t\t\t<img data-opt-id=467023816  fetchpriority=\"high\" loading=\"eager\" decoding=\"async\" src=\"https:\/\/ml0cbrudibrt.i.optimole.com\/w:auto\/h:auto\/q:mauto\/f:best\/https:\/\/hotel-degoudenhaan.be\/wp-content\/uploads\/2024\/02\/De-Haan_Strand_17.jpg\" alt=\"De Haan_Strand_17\" itemprop=\"image\" height=\"600\" width=\"900\" title=\"De Haan_Strand_17\" onerror=\"this.style.display='none'\" srcset=\"https:\/\/ml0cbrudibrt.i.optimole.com\/w:auto\/h:auto\/q:mauto\/f:best\/https:\/\/hotel-degoudenhaan.be\/wp-content\/uploads\/2024\/02\/De-Haan_Strand_17.jpg 900w, https:\/\/ml0cbrudibrt.i.optimole.com\/w:300\/h:200\/q:mauto\/f:best\/https:\/\/hotel-degoudenhaan.be\/wp-content\/uploads\/2024\/02\/De-Haan_Strand_17.jpg 300w, https:\/\/ml0cbrudibrt.i.optimole.com\/w:768\/h:512\/q:mauto\/f:best\/https:\/\/hotel-degoudenhaan.be\/wp-content\/uploads\/2024\/02\/De-Haan_Strand_17.jpg 768w\" sizes=\"auto, (max-width: 900px) 100vw, 900px\" \/>\n\t<p>Der Tourismuswebsite der Gemeindeverwaltung, mit dem Ereigniskalender und eine Menge von praktischen Ausk\u00fcnften (Gesch\u00e4fte, M\u00e4rkte, Parken usw).<\/p>\n\t<a href=\"https:\/\/baja-beach.com\/\" target=\"_blank\" rel=\"noopener\" aria-label=\"Gehe zu https:\/\/baja-beach.com\/\"><\/a>\n\t\t\t<h3>Strandbar Baja Beach<\/h3>\t\t\t\n\t\t\t\t<img data-opt-id=1712209190  fetchpriority=\"high\" loading=\"eager\" decoding=\"async\" src=\"https:\/\/ml0cbrudibrt.i.optimole.com\/w:auto\/h:auto\/q:mauto\/f:best\/https:\/\/hotel-degoudenhaan.be\/wp-content\/uploads\/2024\/03\/BajaBeach.jpg\" alt=\"Klaske Kuperus Fotografie voor Baja Beach&amp;amp;Bar\" itemprop=\"image\" height=\"600\" width=\"900\" title=\"Klaske Kuperus Fotografie voor Baja Beach&amp;amp;Bar\" onerror=\"this.style.display='none'\" srcset=\"https:\/\/ml0cbrudibrt.i.optimole.com\/w:auto\/h:auto\/q:mauto\/f:best\/https:\/\/hotel-degoudenhaan.be\/wp-content\/uploads\/2024\/03\/BajaBeach.jpg 900w, https:\/\/ml0cbrudibrt.i.optimole.com\/w:300\/h:200\/q:mauto\/f:best\/https:\/\/hotel-degoudenhaan.be\/wp-content\/uploads\/2024\/03\/BajaBeach.jpg 300w, https:\/\/ml0cbrudibrt.i.optimole.com\/w:768\/h:512\/q:mauto\/f:best\/https:\/\/hotel-degoudenhaan.be\/wp-content\/uploads\/2024\/03\/BajaBeach.jpg 768w\" sizes=\"auto, (max-width: 900px) 100vw, 900px\" \/>\n\t<p>Eine echte Bereicherung f\u00fcr De Haan! Freundlicher und professioneller Service, alles sehr sauber und aufger\u00e4umt und ohne die nervige, aufgedrehte Musik, die viele Strandbars plagt. <\/p>\n\t<a href=\"https:\/\/www.brasserielapotiniere.be\/#brasserie\" target=\"_blank\" rel=\"noopener\" aria-label=\"Gehe zu https:\/\/www.brasserielapotiniere.be\/#brasserie\"><\/a>\n\t\t\t<h3>Parkgel\u00e4nde La Potini\u00e8re<\/h3>\t\t\t\n\t\t\t\t<img data-opt-id=1160396396  fetchpriority=\"high\" loading=\"eager\" decoding=\"async\" src=\"https:\/\/ml0cbrudibrt.i.optimole.com\/w:auto\/h:auto\/q:mauto\/f:best\/https:\/\/hotel-degoudenhaan.be\/wp-content\/uploads\/2024\/02\/parkdomein_la_potiniere_de_haan-e1708905015312.jpg\" alt=\"parkdomein_la_potiniere_de_haan\" itemprop=\"image\" height=\"600\" width=\"800\" title=\"parkdomein_la_potiniere_de_haan\" onerror=\"this.style.display='none'\"  \/>\n\t<p>Das Parkgel\u00e4nde La Potini\u00e8re (2,2 ha) befindet sich in der N\u00e2he des Hotels De Gouden Haan. Hier finden Sie Tennisanlagen, <a href=\"https:\/\/www.minigolfdehaan.be\/\" target=\"_blank\" rel=\"noopener\">ein Minigolf<\/a>, eine Liegeweide, 2 Spielpl\u00e4tze, eine Petanqueanlage und ein Pavillon mit Taverne und Aussenterrasse. <\/p>\n\t<a href=\"https:\/\/markten.be\/west-vlaanderen\/\" target=\"_blank\" rel=\"noopener\" aria-label=\"Gehe zu https:\/\/markten.be\/west-vlaanderen\/\"><\/a>\n\t\t\t<h3>M\u00e4rkte<\/h3>\t\t\t\n\t\t\t\t<img data-opt-id=1356725794  loading=\"lazy\" decoding=\"async\" src=\"https:\/\/ml0cbrudibrt.i.optimole.com\/w:auto\/h:auto\/q:mauto\/f:best\/https:\/\/hotel-degoudenhaan.be\/wp-content\/uploads\/2024\/02\/markt-groenten-fruit.jpg\" alt=\"markt-groenten-fruit\" itemprop=\"image\" height=\"500\" width=\"750\" title=\"markt-groenten-fruit\" onerror=\"this.style.display='none'\" srcset=\"https:\/\/ml0cbrudibrt.i.optimole.com\/w:auto\/h:auto\/q:mauto\/f:best\/https:\/\/hotel-degoudenhaan.be\/wp-content\/uploads\/2024\/02\/markt-groenten-fruit.jpg 750w, https:\/\/ml0cbrudibrt.i.optimole.com\/w:300\/h:200\/q:mauto\/f:best\/https:\/\/hotel-degoudenhaan.be\/wp-content\/uploads\/2024\/02\/markt-groenten-fruit.jpg 300w\" sizes=\"auto, (max-width: 750px) 100vw, 750px\" \/>\n\t<p>Der Wochenmarkt in De Haan findet mittwochs von 8.00 bis 12.30 Uhr statt. Standort: Zentrum von De Haan, entlang des Driftwegs und der Marktstraat. <\/p>\n<p>&nbsp;<\/p>\n\t<a href=\"https:\/\/wenduine.com\/nl\/\" target=\"_blank\" rel=\"noopener\" aria-label=\"Gehe zu https:\/\/wenduine.com\/nl\/\"><\/a>\n\t\t\t<h3>Wenduine<\/h3>\t\t\t\n\t\t\t\t<img data-opt-id=326443793  loading=\"lazy\" decoding=\"async\" src=\"https:\/\/ml0cbrudibrt.i.optimole.com\/w:auto\/h:auto\/q:mauto\/f:best\/https:\/\/hotel-degoudenhaan.be\/wp-content\/uploads\/2024\/02\/wenduine_spioenkop.jpg\" alt=\"wenduine_spioenkop\" itemprop=\"image\" height=\"500\" width=\"750\" title=\"wenduine_spioenkop\" onerror=\"this.style.display='none'\" srcset=\"https:\/\/ml0cbrudibrt.i.optimole.com\/w:auto\/h:auto\/q:mauto\/f:best\/https:\/\/hotel-degoudenhaan.be\/wp-content\/uploads\/2024\/02\/wenduine_spioenkop.jpg 750w, https:\/\/ml0cbrudibrt.i.optimole.com\/w:300\/h:200\/q:mauto\/f:best\/https:\/\/hotel-degoudenhaan.be\/wp-content\/uploads\/2024\/02\/wenduine_spioenkop.jpg 300w\" sizes=\"auto, (max-width: 750px) 100vw, 750px\" \/>\n\t<p>Die Badstadt Wenduine ist die Schwistergemeinde von De Haan, und sicherlich verdient sie einen Besuch. Wenduine is von De Haan aus leicht erreichbar mit dem Strassenbahn, dem Fahrrad, oder mit einer Wanderung (5 km) via dem Strand oder via <a href=\"https:\/\/www.routezoeker.com\/ontdek\/duinbossen-de-haan\" target=\"_blank\" rel=\"noopener\">den D\u00fcnewalder<\/a>.  Sie treffen dort interessante Gesch\u00e4fte und gesellige Horecagesch\u00e4fte an.<\/p>\n\t<a href=\"https:\/\/cinemario.be\/nl\" target=\"_blank\" rel=\"noopener\" aria-label=\"Gehe zu https:\/\/cinemario.be\/nl\"><\/a>\n\t\t\t<h3>Kino Rio<\/h3>\t\t\t\n\t\t\t\t<img data-opt-id=584861081  loading=\"lazy\" decoding=\"async\" src=\"https:\/\/ml0cbrudibrt.i.optimole.com\/w:auto\/h:auto\/q:mauto\/f:best\/https:\/\/hotel-degoudenhaan.be\/wp-content\/uploads\/2024\/02\/Cinema_Rio.jpg\" alt=\"Cinema_Rio\" itemprop=\"image\" height=\"300\" width=\"450\" title=\"Cinema_Rio\" onerror=\"this.style.display='none'\" srcset=\"https:\/\/ml0cbrudibrt.i.optimole.com\/w:auto\/h:auto\/q:mauto\/f:best\/https:\/\/hotel-degoudenhaan.be\/wp-content\/uploads\/2024\/02\/Cinema_Rio.jpg 450w, https:\/\/ml0cbrudibrt.i.optimole.com\/w:300\/h:200\/q:mauto\/f:best\/https:\/\/hotel-degoudenhaan.be\/wp-content\/uploads\/2024\/02\/Cinema_Rio.jpg 300w\" sizes=\"auto, (max-width: 450px) 100vw, 450px\" \/>\n\t<p>Unseres h\u00fcbsches restauriertes lokales Kino in der Stadtmitte De Haan (mit Balkon!), die ein variiertes und qualit\u00e4tsvolles Filmprogramm anbietet.<br \/>Monicastraat 11<br \/>8420 De Haan<\/p>\n\t<a href=\"https:\/\/www.golfinflanders.com\/nl\/club\/royal-ostend-golf-club\" target=\"_blank\" rel=\"noopener\" aria-label=\"Gehe zu https:\/\/www.golfinflanders.com\/nl\/club\/royal-ostend-golf-club\"><\/a>\n\t\t\t<h3>Royal Ostend Golf Club<\/h3>\t\t\t\n\t\t\t\t<img data-opt-id=1944517809  loading=\"lazy\" decoding=\"async\" src=\"https:\/\/ml0cbrudibrt.i.optimole.com\/w:auto\/h:auto\/q:mauto\/f:best\/https:\/\/hotel-degoudenhaan.be\/wp-content\/uploads\/2024\/02\/Royal-Ostend-Golf-Club.jpg\" alt=\"Royal Ostend Golf Club\" itemprop=\"image\" height=\"600\" width=\"900\" title=\"Royal Ostend Golf Club\" onerror=\"this.style.display='none'\" srcset=\"https:\/\/ml0cbrudibrt.i.optimole.com\/w:auto\/h:auto\/q:mauto\/f:best\/https:\/\/hotel-degoudenhaan.be\/wp-content\/uploads\/2024\/02\/Royal-Ostend-Golf-Club.jpg 900w, https:\/\/ml0cbrudibrt.i.optimole.com\/w:300\/h:200\/q:mauto\/f:best\/https:\/\/hotel-degoudenhaan.be\/wp-content\/uploads\/2024\/02\/Royal-Ostend-Golf-Club.jpg 300w, https:\/\/ml0cbrudibrt.i.optimole.com\/w:768\/h:512\/q:mauto\/f:best\/https:\/\/hotel-degoudenhaan.be\/wp-content\/uploads\/2024\/02\/Royal-Ostend-Golf-Club.jpg 768w\" sizes=\"auto, (max-width: 900px) 100vw, 900px\" \/>\n\tDieser wundersch\u00f6ne 18-Loch-Golfplatz mit einem sch\u00f6nen Clubhaus erstreckt sich entlang der belgischen K\u00fcste. Er ist nicht nur ein sehr anspruchsvoller und technischer Golfplatz, sondern bietet auch wundersch\u00f6ne Ausblicke auf das Meer und die D\u00fcnen. Trotz des (historischen) Verweises auf Ostende im Namen befindet er sich tats\u00e4chlich in De Haan, einige hundert Meter vom Hotel entfernt.<br \/>\n\n\t<a href=\"https:\/\/www.vrt.be\/vrtnws\/nl\/2018\/06\/29\/villa-savoyarde-einsteni\/\" target=\"_blank\" rel=\"noopener\" aria-label=\"Gehe zu https:\/\/www.vrt.be\/vrtnws\/nl\/2018\/06\/29\/villa-savoyarde-einsteni\/\"><\/a>\n\t\t\t<h3>Einstein in De Haan<\/h3>\t\t\t\n\t\t\t\t<img data-opt-id=725841487  loading=\"lazy\" decoding=\"async\" src=\"https:\/\/ml0cbrudibrt.i.optimole.com\/w:auto\/h:auto\/q:mauto\/f:best\/https:\/\/hotel-degoudenhaan.be\/wp-content\/uploads\/2024\/02\/hoteldegoudenhaan_45-800x532-1.jpg\" alt=\"hoteldegoudenhaan_45-800x532\" itemprop=\"image\" height=\"532\" width=\"800\" title=\"hoteldegoudenhaan_45-800x532\" onerror=\"this.style.display='none'\" srcset=\"https:\/\/ml0cbrudibrt.i.optimole.com\/w:auto\/h:auto\/q:mauto\/f:best\/https:\/\/hotel-degoudenhaan.be\/wp-content\/uploads\/2024\/02\/hoteldegoudenhaan_45-800x532-1.jpg 800w, https:\/\/ml0cbrudibrt.i.optimole.com\/w:300\/h:200\/q:mauto\/f:best\/https:\/\/hotel-degoudenhaan.be\/wp-content\/uploads\/2024\/02\/hoteldegoudenhaan_45-800x532-1.jpg 300w, https:\/\/ml0cbrudibrt.i.optimole.com\/w:768\/h:511\/q:mauto\/f:best\/https:\/\/hotel-degoudenhaan.be\/wp-content\/uploads\/2024\/02\/hoteldegoudenhaan_45-800x532-1.jpg 768w\" sizes=\"auto, (max-width: 800px) 100vw, 800px\" \/>\n\t<p>Bekanntlich sind die Einw\u00f6hner von Den Haan sehr klug, und m\u00f6gentlich hat das alles zu tun mit Albert Einstein der in 1933 Sp\u00fcre seines Genius hinterlassen hat in De Haan&#8230; In der Normandi\u00eblaan k\u00f6nnen sie sich postieren neben seinem Denkmal. M\u00f6gentlich hat das auch f\u00fcr Sie g\u00fcnstige Folgen? <\/p>\n\t\t\t\t\t\t\tWandern und Radfahren\n\t<p>De Haan ist ein idealer Ferienort f\u00fcr Liebhaber des rekreativen Wanderns oder Radfahrens. Wir ersehen unsere G\u00e4ste gerne mit Tips \u00fcber die beste Wander- und Radfahrm\u00f6glichkeiten, und Sie k\u00f6nnen kostenlos verf\u00fcgen \u00fcber unsere Wander- und Fahrradkarte. <\/p>\n\t\t\t<h3>Wandern in der Concessie<\/h3>\t\t\t\n\t\t\t\t<img data-opt-id=1544729504  loading=\"lazy\" decoding=\"async\" src=\"https:\/\/ml0cbrudibrt.i.optimole.com\/w:1024\/h:768\/q:mauto\/f:best\/https:\/\/hotel-degoudenhaan.be\/wp-content\/uploads\/2023\/11\/concessiedehaan_01.jpg\" alt=\"concessiedehaan_01\" itemprop=\"image\" height=\"768\" width=\"1024\" title=\"concessiedehaan_01\" onerror=\"this.style.display='none'\" srcset=\"https:\/\/ml0cbrudibrt.i.optimole.com\/w:1024\/h:768\/q:mauto\/f:best\/https:\/\/hotel-degoudenhaan.be\/wp-content\/uploads\/2023\/11\/concessiedehaan_01.jpg 1024w, https:\/\/ml0cbrudibrt.i.optimole.com\/w:300\/h:225\/q:mauto\/f:best\/https:\/\/hotel-degoudenhaan.be\/wp-content\/uploads\/2023\/11\/concessiedehaan_01.jpg 300w, https:\/\/ml0cbrudibrt.i.optimole.com\/w:768\/h:576\/q:mauto\/f:best\/https:\/\/hotel-degoudenhaan.be\/wp-content\/uploads\/2023\/11\/concessiedehaan_01.jpg 768w, https:\/\/ml0cbrudibrt.i.optimole.com\/w:1066\/h:800\/q:mauto\/f:best\/https:\/\/hotel-degoudenhaan.be\/wp-content\/uploads\/2023\/11\/concessiedehaan_01.jpg 1536w, https:\/\/ml0cbrudibrt.i.optimole.com\/w:auto\/h:auto\/q:mauto\/f:best\/https:\/\/hotel-degoudenhaan.be\/wp-content\/uploads\/2023\/11\/concessiedehaan_01.jpg 1600w\" sizes=\"auto, (max-width: 1024px) 100vw, 1024px\" \/>\n\t<p>Die Concessie ist ein fabelhafte, pittoreske und gr\u00fcne Villaviertel in De Haan, gelegen zwischen dem Strand und der Strassenbahnlinie, und gesch\u00fczt als Dorfsicht. Wegen <a href=\"https:\/\/id.erfgoed.net\/erfgoedobjecten\/122109\" target=\"_blank\" rel=\"noopener\">der strengen Bauvorschriften<\/a> ist die authentische Art der Gegend im grossen Ausmass aufbewahrt geblieben.  Der Meeresdeich von De Haan ist deswegen der einzelne Meeresdeich an der belgischen K\u00fcste ohne Hochbau. Sie k\u00f6nnen in der Concessie ruhig spazieren entlang den verkehrsarmen Baumenalleen, oder eine der markierten Wanderrouten folgen (siehe praktische Info unten). <\/p>\n\t\t\t<h3>Wandern auf dem Strand<\/h3>\t\t\t\n\t\t\t\t<img data-opt-id=1012310436  loading=\"lazy\" decoding=\"async\" src=\"https:\/\/ml0cbrudibrt.i.optimole.com\/w:1024\/h:768\/q:mauto\/f:best\/https:\/\/hotel-degoudenhaan.be\/wp-content\/uploads\/2024\/01\/20200514_101747.jpg\" alt=\"20200514_101747\" itemprop=\"image\" height=\"768\" width=\"1024\" title=\"20200514_101747\" onerror=\"this.style.display='none'\" srcset=\"https:\/\/ml0cbrudibrt.i.optimole.com\/w:1024\/h:768\/q:mauto\/f:best\/https:\/\/hotel-degoudenhaan.be\/wp-content\/uploads\/2024\/01\/20200514_101747.jpg 1024w, https:\/\/ml0cbrudibrt.i.optimole.com\/w:300\/h:225\/q:mauto\/f:best\/https:\/\/hotel-degoudenhaan.be\/wp-content\/uploads\/2024\/01\/20200514_101747.jpg 300w, https:\/\/ml0cbrudibrt.i.optimole.com\/w:768\/h:576\/q:mauto\/f:best\/https:\/\/hotel-degoudenhaan.be\/wp-content\/uploads\/2024\/01\/20200514_101747.jpg 768w, https:\/\/ml0cbrudibrt.i.optimole.com\/w:1066\/h:800\/q:mauto\/f:best\/https:\/\/hotel-degoudenhaan.be\/wp-content\/uploads\/2024\/01\/20200514_101747.jpg 1536w, https:\/\/ml0cbrudibrt.i.optimole.com\/w:1066\/h:800\/q:mauto\/f:best\/https:\/\/hotel-degoudenhaan.be\/wp-content\/uploads\/2024\/01\/20200514_101747.jpg 2048w\" sizes=\"auto, (max-width: 1024px) 100vw, 1024px\" \/>\n\t<p>Von De Haan aus k\u00f6nnen Sie in beiden Richtungen kilometerslang spazieren gehen entlang des Strandes. In ostlicher Richtung erreichen Sie nach 4 km Wenduine. In westlicher Richtung erreichen Sie nach 2 km die \u201eVosseslag&#8220; und nach 6,5 km Bredene. Die K\u00fcstestrassenbahn f\u00e4hrt auf 100 \u00e0 200 m parallel zum Strand. Sollten Sie erm\u00fcdet sein oder bei schlechtem Wetter k\u00f6nnen Sie gegebenenfalls zur\u00fcckkehren mit dem Strassenbahn. Zwischen De Haan und Wenduine k\u00f6nnen Sie auch via den <a href=\"https:\/\/www.natuurenbos.be\/natuurgebieden\/duinbossen-de-haan\" target=\"_blank\" rel=\"noopener\">Dunew\u00e4lder<\/a> wandern (5 km).     <\/p>\n\t\t\t<h3>Radfahren im Hinterland<\/h3>\t\t\t\n\t\t\t\t<img data-opt-id=533237586  loading=\"lazy\" decoding=\"async\" src=\"https:\/\/ml0cbrudibrt.i.optimole.com\/w:auto\/h:auto\/q:mauto\/f:best\/https:\/\/testsite.hotel-degoudenhaan.be\/wp-content\/uploads\/2024\/02\/klemskerke-800x600-1.jpg\" alt=\"klemskerke-800x600\" itemprop=\"image\" height=\"600\" width=\"800\" title=\"klemskerke-800x600\" onerror=\"this.style.display='none'\"  \/>\n\t<p>Das Landschaft rundum De Haan ist v\u00f6llig flach, und das Netz der landlichen Wegen verleiht sich ausgezeichnet zu rekreativen Radfahrausfl\u00fcge. Wir k\u00f6nnen Ihnen die <a href=\"https:\/\/www.routezoeker.com\/fietsroutes\/oude_dijken_fietsroute-de-haan\" target=\"_blank\" rel=\"noopener\">Oude Dijken Fietsroute<\/a> (&#8222;Oude Dijken Fahrradroute&#8220;) empfehlen, eine markierte Route von 43 km die Euch quer durch das Polderlandschaft und diversen D\u00f6rfer bis zu Oudenburg bringt.  Mit Hilfe einer Fahrradkarte &#8211; die wir Ihnen kostenlos im Verleih geben &#8211; k\u00f6nnen Sie die Route ohne Probleme anpassen oder k\u00fcrzen.<\/p>\n\t\t\t<h3>Praktische Info<\/h3>\t\t\t\n<p><strong>Radfahr- und Wanderkarte<\/strong> sind f\u00fcr wenigen Euros erh\u00e4ltlich bei dem <a href=\"https:\/\/www.visitdehaan.be\/\" target=\"_blank\" rel=\"noopener\">Tourismusamt<\/a> im Strassenbahnstation (frei im Verleih f\u00fcr unsere G\u00e4ste). Die meist interessante Karte sind die \u201aOude Dijken fietsroute&#8216; (\u201aAlte Deichen Fahrradroute&#8220;), die Wanderkarte \u201aErfgoedwandelroute Belle Epoque midden in de duinen&#8216; (Kulturerbewanderroute \u201aBelle Epoque mitten den D\u00fcnen&#8216;) und die Brosch\u00fcre \u201aErbspaziergang &#8211; In den Fu\u00dfstapfen Einsteins&#8216;.<\/p>\n<p><strong>Tip f\u00fcr Strandwanderer<\/strong>: an windigen Tagen ist es &#8211; u.a. wegen des aufwehenden Sand &#8211; nat\u00fcrlich angenehmer um mit dem Wind im R\u00fccken zu wandern. Die herrschende Windrichtung des Strandes entlang ist westlich. Dass kommt gut aus, weil Sie mit dem R\u00fcckwind nach Wenduine wandern k\u00f6nnen! Sie k\u00f6nnen zur\u00fcckkehren mit dem Strassenbahn oder via den D\u00fcnewalder.   <\/p>\n<p>&nbsp;<\/p>\n\t\t\t<h3>Ein Fahrrad mieten<\/h3>\t\t\t\n\t<p>Etwa 200 m vom Hotel De Gouden Haan entfernt finden Sie ein zuverl\u00e4ssiges und ausgezeichnetes Fahrradgesch\u00e4ft, wo Sie das ganze Jahr \u00fcber Fahrr\u00e4der mieten (oder kaufen, oder reparieren lassen&#8230;) k\u00f6nnen.<\/p>\n<p><a href=\"http:\/\/www.cattrysse.be\/\" target=\"_blank\" rel=\"noopener\">Fietshuis Cattrysse<\/a><br \/>Leopoldlaan 16 &#8211; 8420 De Haan<br \/>Tel. 059.23.43.77<\/p>\n\t\t\t\t\t\t\tUmgebung\n\t<p>Eine Auswahl von interessanten Links die Ihnen Inspiration bringen kann f\u00fcr Ausfl\u00fcge, Aktivit\u00e4ten usw. <\/p>\n\t<a href=\"https:\/\/www.visitbruges.be\/de\" target=\"_blank\" rel=\"noopener\" aria-label=\"Gehe zu https:\/\/www.visitbruges.be\/de\"><\/a>\n\t\t\t<h3>Br\u00fcgge<\/h3>\t\t\t\n\t\t\t\t<img data-opt-id=849715931  loading=\"lazy\" decoding=\"async\" src=\"https:\/\/ml0cbrudibrt.i.optimole.com\/w:auto\/h:auto\/q:mauto\/f:best\/https:\/\/testsite.hotel-degoudenhaan.be\/wp-content\/uploads\/2024\/02\/brugge_ezelpoort.jpg\" alt=\"brugge_ezelpoort\" itemprop=\"image\" height=\"600\" width=\"800\" title=\"brugge_ezelpoort\" onerror=\"this.style.display='none'\"  \/>\n\t<p>Br\u00fcgge empf\u00e4ngt das ganze Jahr hindurch Besuchenden aus dem ganzen Welt, es befindet sich auf einer Distanz von 17 km entfernt von De Haan. Gross geworden durch ihre jahrhundertelange Geschichte and pr\u00e4miert mit dem Unesco-label von Kulturerbe. Museen, Kultur, shopping oder nur spaziergangen: Br\u00fcgge verdient immer einen Besuch. Alles befindet sich auf Wanderentfernung in der alten Stadtmitte.   <\/p>\n\t<a href=\"https:\/\/visitoostende.be\/de\" target=\"_blank\" rel=\"noopener\" aria-label=\"Gehe zu https:\/\/visitoostende.be\/de\"><\/a>\n\t\t\t<h3>Ostende<\/h3>\t\t\t\n\t\t\t\t<img data-opt-id=303453070  loading=\"lazy\" decoding=\"async\" src=\"https:\/\/ml0cbrudibrt.i.optimole.com\/w:auto\/h:auto\/q:mauto\/f:best\/https:\/\/testsite.hotel-degoudenhaan.be\/wp-content\/uploads\/2024\/02\/oostende_dikke_mathille.jpg\" alt=\"oostende_dikke_mathille\" itemprop=\"image\" height=\"300\" width=\"400\" title=\"oostende_dikke_mathille\" onerror=\"this.style.display='none'\"  \/>\n\t<p>Die \u201aK\u00f6nigin der Badst\u00e4dte&#8216; hat sich nach einer Periode von Verfall wieder transformiert zu einer dynamischen und versorgten K\u00fcststadt. <a href=\"https:\/\/www.delijn.be\/nl\/content\/kusttram\/\" target=\"_blank\" rel=\"noopener\">Die K\u00fcstentram<\/a> bringt Sie bis in die Stadtmitte, nur 12 km entfernt von De Haan. Auch hier viele M\u00f6gelichkeiten: Museen, Kultur, shopping, Horeca, wandern entlang des Meeresdeich oder den \u201aVisserskaai&#8216;). Und nicht zuletzt ist 2024 das <a href=\"https:\/\/www.ensor2024.be\/nl\" target=\"_blank\" rel=\"noopener\">Ensor-Jahr<\/a> in Ostende.<\/p>\n\t<a href=\"https:\/\/www.sluisonline.nl\/\" target=\"_blank\" rel=\"noopener\" aria-label=\"Gehe zu https:\/\/www.sluisonline.nl\/\"><\/a>\n\t\t\t<h3>Sluis<\/h3>\t\t\t\n\t\t\t\t<img data-opt-id=1289400789  loading=\"lazy\" decoding=\"async\" src=\"https:\/\/ml0cbrudibrt.i.optimole.com\/w:auto\/h:auto\/q:mauto\/f:best\/https:\/\/testsite.hotel-degoudenhaan.be\/wp-content\/uploads\/2024\/02\/sluis_kaai.jpg\" alt=\"sluis_kaai\" itemprop=\"image\" height=\"600\" width=\"800\" title=\"sluis_kaai\" onerror=\"this.style.display='none'\"  \/>\n\t<p>Sluis is ein kleines, aber lebendiges St\u00e4dchen, unmittelbar \u00fcber die Grenze mit den Niederlanden (Entfernung De Haan &#8211; Sluis ist 36 km). Die zahlreiche Gesch\u00e2ften in Sluis sind die ganze Woche ge\u00f6ffnet. Ein Tagsbesuch an Sluis bezeichnet entspannt geniessen in einer von der Geschichte gepr\u00e4gten Umgebung. Sie k\u00f6nnen dort auch prachtvolle Wanderungen machen.   <\/p>\n\t<a href=\"https:\/\/www.visitwestvlaanderen.be\/nl\" target=\"_blank\" rel=\"noopener\" aria-label=\"Gehe zu https:\/\/www.visitwestvlaanderen.be\/nl\"><\/a>\n\t\t\t<h3>Provinz West-Flandern<\/h3>\t\t\t\n\t\t\t\t<img data-opt-id=1250903986  loading=\"lazy\" decoding=\"async\" src=\"https:\/\/ml0cbrudibrt.i.optimole.com\/w:auto\/h:auto\/q:mauto\/f:best\/https:\/\/testsite.hotel-degoudenhaan.be\/wp-content\/uploads\/2024\/02\/Zwin_natuurpark1-1.jpg\" alt=\"Zwin_natuurpark(1)\" itemprop=\"image\" height=\"533\" width=\"800\" title=\"Zwin_natuurpark(1)\" onerror=\"this.style.display='none'\"  \/>\n\t<p>Westtoer ist die Organisation f\u00fcr Tourismus und Erholung in der Provinz West-Flandern. Eine Menge von touristischen Ausk\u00fcnfte \u00fcber Sehensw\u00fcrdigkeiten, Veranstaltungen und Aktivit\u00e4ten. Sie treffen dort auch ein <a href=\"https:\/\/shop.westtoer.be\/nl\" target=\"_blank\" rel=\"noopener\">Webshop<\/a> an (Karte, Brosch\u00fcren) und digitale Apps.  <\/p>\n\t<a href=\"https:\/\/www.dekust.be\/\" target=\"_blank\" rel=\"noopener\" aria-label=\"Gehe zu https:\/\/www.dekust.be\/\"><\/a>\n\t\t\t<h3>Die belgische K\u00fcste<\/h3>\t\t\t\n\t\t\t\t<img data-opt-id=172369963  loading=\"lazy\" decoding=\"async\" src=\"https:\/\/ml0cbrudibrt.i.optimole.com\/w:auto\/h:auto\/q:mauto\/f:best\/https:\/\/testsite.hotel-degoudenhaan.be\/wp-content\/uploads\/2024\/02\/Nieuwpoort-Beaufort.jpg\" alt=\"Nieuwpoort-Beaufort\" itemprop=\"image\" height=\"640\" width=\"960\" title=\"Nieuwpoort-Beaufort\" onerror=\"this.style.display='none'\"  \/>\n\t<p>Touristische Website, spezifisch \u00fcber die Belgische K\u00fcste: praktische Ausk\u00fcnfte, Veranstaltungen, Sehensw\u00fcrdigkeiten und Aktivit\u00e4ten. Alle K\u00fcstenorte sind leicht erreichbar mit dem Auto oder mit <a href=\"https:\/\/www.delijn.be\/nl\/content\/kusttram\/\" target=\"_blank\" rel=\"noopener\">dem K\u00fcstestrassenbahn<\/a>.  In erster Instanz Ostende, <a href=\"https:\/\/www.myknokke-heist.be\/nl\" target=\"_blank\" rel=\"noopener\">Knokke<\/a> und <a href=\"https:\/\/www.visit-nieuwpoort.be\/\" target=\"_blank\" rel=\"noopener\">Nieuwpoort<\/a> sind nach unserer Ansicht empfehlenswert f\u00fcr einen Ausflug.<\/p>\n\t<a href=\"https:\/\/www.brugseommeland.be\/nl\" target=\"_blank\" rel=\"noopener\" aria-label=\"Gehe zu https:\/\/www.brugseommeland.be\/nl\"><\/a>\n\t\t\t<h3>Die Umgebung von Br\u00fcgge<\/h3>\t\t\t\n\t\t\t\t<img data-opt-id=87678676  loading=\"lazy\" decoding=\"async\" src=\"https:\/\/ml0cbrudibrt.i.optimole.com\/w:auto\/h:auto\/q:mauto\/f:best\/https:\/\/testsite.hotel-degoudenhaan.be\/wp-content\/uploads\/2024\/02\/Damme-1024x684.webp\" alt=\"Damme\" itemprop=\"image\" height=\"684\" width=\"1024\" title=\"Damme\" onerror=\"this.style.display='none'\"  \/>\n\t<p>Touristische Website \u00fcber die Umgebung von Br\u00fcgge. Wir k\u00f6nnen Ihnen ein kleines Besuch an das von der Geschichte gepr\u00e4gtes historisches St\u00e4dchen <a href=\"https:\/\/www.visitdamme.be\/home\" target=\"_blank\" rel=\"noopener\">Damme<\/a> empfehlen.  Eine Wanderung oder eine kleine Fahrradausflug entlang der idyllischen Damse Vaart ist in dieser Aufsicht ein must.<\/p>\n\n","protected":false},"excerpt":{"rendered":"<p>Food &amp; Drinks Links De Haan Wandern und Radfahren Umgebung Food &amp; Drinks Links De Haan Eine Auswahl von interessanten Links. Klicken Sie auf dem Titel um nach den zugeh\u00f6rigen Website zu gehen. Gemeinde De Haan Der Tourismuswebsite der Gemeindeverwaltung, mit dem Ereigniskalender und eine Menge von praktischen Ausk\u00fcnften (Gesch\u00e4fte, M\u00e4rkte, Parken usw). Strandbar Baja&hellip;<\/p>\n","protected":false},"author":1,"featured_media":0,"parent":0,"menu_order":0,"comment_status":"closed","ping_status":"closed","template":"","meta":{"footnotes":""},"class_list":["post-1796","page","type-page","status-publish","hentry"],"_links":{"self":[{"href":"https:\/\/hotel-degoudenhaan.be\/de\/wp-json\/wp\/v2\/pages\/1796","targetHints":{"allow":["GET"]}}],"collection":[{"href":"https:\/\/hotel-degoudenhaan.be\/de\/wp-json\/wp\/v2\/pages"}],"about":[{"href":"https:\/\/hotel-degoudenhaan.be\/de\/wp-json\/wp\/v2\/types\/page"}],"author":[{"embeddable":true,"href":"https:\/\/hotel-degoudenhaan.be\/de\/wp-json\/wp\/v2\/users\/1"}],"replies":[{"embeddable":true,"href":"https:\/\/hotel-degoudenhaan.be\/de\/wp-json\/wp\/v2\/comments?post=1796"}],"version-history":[{"count":0,"href":"https:\/\/hotel-degoudenhaan.be\/de\/wp-json\/wp\/v2\/pages\/1796\/revisions"}],"wp:attachment":[{"href":"https:\/\/hotel-degoudenhaan.be\/de\/wp-json\/wp\/v2\/media?parent=1796"}],"curies":[{"name":"wp","href":"https:\/\/api.w.org\/{rel}","templated":true}]}}